{"id":11,"date":"2023-04-24T11:06:52","date_gmt":"2023-04-24T11:06:52","guid":{"rendered":"https:\/\/www.osterbysmedja.se\/?page_id=11"},"modified":"2023-05-17T23:21:41","modified_gmt":"2023-05-17T23:21:41","slug":"aterbetalning_returer","status":"publish","type":"page","link":"https:\/\/www.osterbysmedja.se\/en\/aterbetalning_returer\/","title":{"rendered":"\u00c5terbetalnings- och returpolicy"},"content":{"rendered":"<div data-elementor-type=\"wp-page\" data-elementor-id=\"11\" class=\"elementor elementor-11\">\n\t\t\t\t\t\t<section class=\"elementor-section elementor-top-section elementor-element elementor-element-73fd15c5 elementor-section-boxed elementor-section-height-default elementor-section-height-default\" data-id=\"73fd15c5\" data-element_type=\"section\" data-e-type=\"section\">\n\t\t\t\t\t\t<div class=\"elementor-container elementor-column-gap-default\">\n\t\t\t\t\t<div class=\"elementor-column elementor-col-100 elementor-top-column elementor-element elementor-element-61d51e90\" data-id=\"61d51e90\" data-element_type=\"column\" data-e-type=\"column\">\n\t\t\t<div class=\"elementor-widget-wrap elementor-element-populated\">\n\t\t\t\t\t\t<div class=\"elementor-element elementor-element-25a3386f elementor-widget elementor-widget-text-editor\" data-id=\"25a3386f\" data-element_type=\"widget\" data-e-type=\"widget\" data-widget_type=\"text-editor.default\">\n\t\t\t\t<div class=\"elementor-widget-container\">\n\t\t\t\t\t\t\t\t\t<p><strong>\u00c5terbetalningspolicy f\u00f6r \u00d6sterby Smedja<\/strong><\/p>\n<hr \/>\n<p>\u00a0<\/p>\n<p>Vi p\u00e5 \u00d6sterby Smedja str\u00e4var efter att tillhandah\u00e5lla produkter och tj\u00e4nster av h\u00f6gsta kvalitet. Om du av n\u00e5gon anledning inte \u00e4r n\u00f6jd med ditt k\u00f6p erbjuder vi en \u00e5terbetalningspolicy enligt f\u00f6ljande:<\/p>\n<ol>\n<li>\u00c5terbetalningar f\u00f6r produkter<\/li>\n<\/ol>\n<p>1.1 Felaktiga eller defekta produkter: Om du mottar en felaktig eller defekt produkt har du r\u00e4tt att beg\u00e4ra en \u00e5terbetalning. Kontakta v\u00e5r kundtj\u00e4nst inom 14 dagar efter att du har mottagit produkten f\u00f6r att rapportera problemet. Vi kommer att utv\u00e4rdera situationen och om problemet verifieras kommer vi att erbjuda en fullst\u00e4ndig \u00e5terbetalning eller ers\u00e4ttning av produkten.<\/p>\n<p>1.2 \u00c5ngrat k\u00f6p: Om du \u00e5ngrar ditt k\u00f6p har du r\u00e4tt att beg\u00e4ra en \u00e5terbetalning inom 14 dagar efter att du har mottagit produkten. Produkten m\u00e5ste vara i oanv\u00e4nt skick och i originalf\u00f6rpackning. Du \u00e4r ansvarig f\u00f6r returfraktkostnaderna. N\u00e4r vi har mottagit och godk\u00e4nt returen kommer vi att \u00e5terbetala produktens kostnad inom en rimlig tidsram.<\/p>\n<p>\u00a0<\/p>\n<p>\u00a0 \u00a0 \u00a0 \u00a0 \u00a0 \u00a0 2.Processen f\u00f6r \u00e5terbetalningar<\/p>\n<p>F\u00f6r att beg\u00e4ra en \u00e5terbetalning ber vi dig att kontakta v\u00e5r kundtj\u00e4nst via e-post p\u00e5 forsaljning@osterbysmedja.se Var v\u00e4nlig och ange f\u00f6ljande information:<\/p>\n<ul>\n<li>Ditt namn och kontaktuppgifter.<\/li>\n<li>Ordernummer eller fakturanummer.<\/li>\n<li>Sk\u00e4let till \u00e5terbetalningsbeg\u00e4ran.<\/li>\n<\/ul>\n<p>Vi kommer att granska din \u00e5terbetalningsbeg\u00e4ran och \u00e5terkomma till dig inom en rimlig tidsram f\u00f6r att informera om hur vi kommer att hantera \u00e4rendet.<\/p>\n<p>Observera att vissa restriktioner kan g\u00e4lla beroende p\u00e5 produkter eller tj\u00e4nster. Vi f\u00f6rbeh\u00e5ller oss r\u00e4tten att neka \u00e5terbetalning om produkten eller tj\u00e4nsten inte uppfyller v\u00e5ra \u00e5terbetalningspolicyvillkor.<\/p>\t\t\t\t\t\t\t\t<\/div>\n\t\t\t\t<\/div>\n\t\t\t\t\t<\/div>\n\t\t<\/div>\n\t\t\t\t\t<\/div>\n\t\t<\/section>\n\t\t\t\t<\/div>","protected":false},"excerpt":{"rendered":"<p>\u00c5terbetalningspolicy f\u00f6r \u00d6sterby Smedja \u00a0 Vi p\u00e5 \u00d6sterby Smedja str\u00e4var efter att tillhandah\u00e5lla produkter och tj\u00e4nster av h\u00f6gsta kvalitet. Om du av n\u00e5gon anledning inte \u00e4r n\u00f6jd med ditt k\u00f6p erbjuder vi en \u00e5terbetalningspolicy enligt f\u00f6ljande: \u00c5terbetalningar f\u00f6r produkter 1.1 Felaktiga eller defekta produkter: Om du mottar en felaktig eller defekt produkt har du r\u00e4tt [&hellip;]<\/p>\n","protected":false},"author":1,"featured_media":0,"parent":0,"menu_order":0,"comment_status":"closed","ping_status":"closed","template":"","meta":{"ocean_post_layout":"","ocean_both_sidebars_style":"","ocean_both_sidebars_content_width":0,"ocean_both_sidebars_sidebars_width":0,"ocean_sidebar":"","ocean_second_sidebar":"","ocean_disable_margins":"enable","ocean_add_body_class":"","ocean_shortcode_before_top_bar":"","ocean_shortcode_after_top_bar":"","ocean_shortcode_before_header":"","ocean_shortcode_after_header":"","ocean_has_shortcode":"","ocean_shortcode_after_title":"","ocean_shortcode_before_footer_widgets":"","ocean_shortcode_after_footer_widgets":"","ocean_shortcode_before_footer_bottom":"","ocean_shortcode_after_footer_bottom":"","ocean_display_top_bar":"default","ocean_display_header":"default","ocean_header_style":"","ocean_center_header_left_menu":"","ocean_custom_header_template":"","ocean_custom_logo":0,"ocean_custom_retina_logo":0,"ocean_custom_logo_max_width":0,"ocean_custom_logo_tablet_max_width":0,"ocean_custom_logo_mobile_max_width":0,"ocean_custom_logo_max_height":0,"ocean_custom_logo_tablet_max_height":0,"ocean_custom_logo_mobile_max_height":0,"ocean_header_custom_menu":"","ocean_menu_typo_font_family":"","ocean_menu_typo_font_subset":"","ocean_menu_typo_font_size":0,"ocean_menu_typo_font_size_tablet":0,"ocean_menu_typo_font_size_mobile":0,"ocean_menu_typo_font_size_unit":"px","ocean_menu_typo_font_weight":"","ocean_menu_typo_font_weight_tablet":"","ocean_menu_typo_font_weight_mobile":"","ocean_menu_typo_transform":"","ocean_menu_typo_transform_tablet":"","ocean_menu_typo_transform_mobile":"","ocean_menu_typo_line_height":0,"ocean_menu_typo_line_height_tablet":0,"ocean_menu_typo_line_height_mobile":0,"ocean_menu_typo_line_height_unit":"","ocean_menu_typo_spacing":0,"ocean_menu_typo_spacing_tablet":0,"ocean_menu_typo_spacing_mobile":0,"ocean_menu_typo_spacing_unit":"","ocean_menu_link_color":"","ocean_menu_link_color_hover":"","ocean_menu_link_color_active":"","ocean_menu_link_background":"","ocean_menu_link_hover_background":"","ocean_menu_link_active_background":"","ocean_menu_social_links_bg":"","ocean_menu_social_hover_links_bg":"","ocean_menu_social_links_color":"","ocean_menu_social_hover_links_color":"","ocean_disable_title":"default","ocean_disable_heading":"default","ocean_post_title":"","ocean_post_subheading":"","ocean_post_title_style":"","ocean_post_title_background_color":"","ocean_post_title_background":0,"ocean_post_title_bg_image_position":"","ocean_post_title_bg_image_attachment":"","ocean_post_title_bg_image_repeat":"","ocean_post_title_bg_image_size":"","ocean_post_title_height":0,"ocean_post_title_bg_overlay":0.5,"ocean_post_title_bg_overlay_color":"","ocean_disable_breadcrumbs":"default","ocean_breadcrumbs_color":"","ocean_breadcrumbs_separator_color":"","ocean_breadcrumbs_links_color":"","ocean_breadcrumbs_links_hover_color":"","ocean_display_footer_widgets":"default","ocean_display_footer_bottom":"default","ocean_custom_footer_template":"","omw_enable_modal_window":"enable","footnotes":""},"class_list":["post-11","page","type-page","status-publish","hentry","entry","owp-thumbs-layout-horizontal","owp-btn-normal","owp-tabs-layout-horizontal","has-no-thumbnails","has-product-nav"],"yoast_head":"<!-- This site is optimized with the Yoast SEO plugin v27.5 - https:\/\/yoast.com\/product\/yoast-seo-wordpress\/ -->\n<title>\u00c5terbetalnings- och returpolicy - osterbysmedja.se<\/title>\n<meta name=\"robots\" content=\"index, follow, max-snippet:-1, max-image-preview:large, max-video-preview:-1\" \/>\n<link rel=\"canonical\" href=\"https:\/\/www.osterbysmedja.se\/en\/aterbetalning_returer\/\" \/>\n<meta property=\"og:locale\" content=\"en_US\" \/>\n<meta property=\"og:type\" content=\"article\" \/>\n<meta property=\"og:title\" content=\"\u00c5terbetalnings- och returpolicy - osterbysmedja.se\" \/>\n<meta property=\"og:description\" content=\"\u00c5terbetalningspolicy f\u00f6r \u00d6sterby Smedja \u00a0 Vi p\u00e5 \u00d6sterby Smedja str\u00e4var efter att tillhandah\u00e5lla produkter och tj\u00e4nster av h\u00f6gsta kvalitet. Om du av n\u00e5gon anledning inte \u00e4r n\u00f6jd med ditt k\u00f6p erbjuder vi en \u00e5terbetalningspolicy enligt f\u00f6ljande: \u00c5terbetalningar f\u00f6r produkter 1.1 Felaktiga eller defekta produkter: Om du mottar en felaktig eller defekt produkt har du r\u00e4tt [&hellip;]\" \/>\n<meta property=\"og:url\" content=\"https:\/\/www.osterbysmedja.se\/en\/aterbetalning_returer\/\" \/>\n<meta property=\"og:site_name\" content=\"osterbysmedja.se\" \/>\n<meta property=\"article:modified_time\" content=\"2023-05-17T23:21:41+00:00\" \/>\n<meta name=\"twitter:card\" content=\"summary_large_image\" \/>\n<meta name=\"twitter:label1\" content=\"Est. reading time\" \/>\n\t<meta name=\"twitter:data1\" content=\"2 minutes\" \/>\n<script type=\"application\/ld+json\" class=\"yoast-schema-graph\">{\"@context\":\"https:\\\/\\\/schema.org\",\"@graph\":[{\"@type\":\"WebPage\",\"@id\":\"https:\\\/\\\/www.osterbysmedja.se\\\/aterbetalning_returer\\\/\",\"url\":\"https:\\\/\\\/www.osterbysmedja.se\\\/aterbetalning_returer\\\/\",\"name\":\"\u00c5terbetalnings- och returpolicy - osterbysmedja.se\",\"isPartOf\":{\"@id\":\"https:\\\/\\\/www.osterbysmedja.se\\\/#website\"},\"datePublished\":\"2023-04-24T11:06:52+00:00\",\"dateModified\":\"2023-05-17T23:21:41+00:00\",\"breadcrumb\":{\"@id\":\"https:\\\/\\\/www.osterbysmedja.se\\\/aterbetalning_returer\\\/#breadcrumb\"},\"inLanguage\":\"en-US\",\"potentialAction\":[{\"@type\":\"ReadAction\",\"target\":[\"https:\\\/\\\/www.osterbysmedja.se\\\/aterbetalning_returer\\\/\"]}]},{\"@type\":\"BreadcrumbList\",\"@id\":\"https:\\\/\\\/www.osterbysmedja.se\\\/aterbetalning_returer\\\/#breadcrumb\",\"itemListElement\":[{\"@type\":\"ListItem\",\"position\":1,\"name\":\"Hem\",\"item\":\"https:\\\/\\\/www.osterbysmedja.se\\\/\"},{\"@type\":\"ListItem\",\"position\":2,\"name\":\"\u00c5terbetalnings- och returpolicy\"}]},{\"@type\":\"WebSite\",\"@id\":\"https:\\\/\\\/www.osterbysmedja.se\\\/#website\",\"url\":\"https:\\\/\\\/www.osterbysmedja.se\\\/\",\"name\":\"osterbysmedja.se\",\"description\":\"HIGHEST QUALITY WORKING HORSE EQUIPMENT\",\"publisher\":{\"@id\":\"https:\\\/\\\/www.osterbysmedja.se\\\/#organization\"},\"potentialAction\":[{\"@type\":\"SearchAction\",\"target\":{\"@type\":\"EntryPoint\",\"urlTemplate\":\"https:\\\/\\\/www.osterbysmedja.se\\\/?s={search_term_string}\"},\"query-input\":{\"@type\":\"PropertyValueSpecification\",\"valueRequired\":true,\"valueName\":\"search_term_string\"}}],\"inLanguage\":\"en-US\"},{\"@type\":\"Organization\",\"@id\":\"https:\\\/\\\/www.osterbysmedja.se\\\/#organization\",\"name\":\"osterbysmedja.se\",\"url\":\"https:\\\/\\\/www.osterbysmedja.se\\\/\",\"logo\":{\"@type\":\"ImageObject\",\"inLanguage\":\"en-US\",\"@id\":\"https:\\\/\\\/www.osterbysmedja.se\\\/#\\\/schema\\\/logo\\\/image\\\/\",\"url\":\"https:\\\/\\\/www.osterbysmedja.se\\\/wp-content\\\/uploads\\\/2023\\\/04\\\/Header-2.png\",\"contentUrl\":\"https:\\\/\\\/www.osterbysmedja.se\\\/wp-content\\\/uploads\\\/2023\\\/04\\\/Header-2.png\",\"width\":165,\"height\":34,\"caption\":\"osterbysmedja.se\"},\"image\":{\"@id\":\"https:\\\/\\\/www.osterbysmedja.se\\\/#\\\/schema\\\/logo\\\/image\\\/\"}}]}<\/script>\n<!-- \/ Yoast SEO plugin. -->","yoast_head_json":{"title":"\u00c5terbetalnings- och returpolicy - osterbysmedja.se","robots":{"index":"index","follow":"follow","max-snippet":"max-snippet:-1","max-image-preview":"max-image-preview:large","max-video-preview":"max-video-preview:-1"},"canonical":"https:\/\/www.osterbysmedja.se\/en\/aterbetalning_returer\/","og_locale":"en_US","og_type":"article","og_title":"\u00c5terbetalnings- och returpolicy - osterbysmedja.se","og_description":"\u00c5terbetalningspolicy f\u00f6r \u00d6sterby Smedja \u00a0 Vi p\u00e5 \u00d6sterby Smedja str\u00e4var efter att tillhandah\u00e5lla produkter och tj\u00e4nster av h\u00f6gsta kvalitet. Om du av n\u00e5gon anledning inte \u00e4r n\u00f6jd med ditt k\u00f6p erbjuder vi en \u00e5terbetalningspolicy enligt f\u00f6ljande: \u00c5terbetalningar f\u00f6r produkter 1.1 Felaktiga eller defekta produkter: Om du mottar en felaktig eller defekt produkt har du r\u00e4tt [&hellip;]","og_url":"https:\/\/www.osterbysmedja.se\/en\/aterbetalning_returer\/","og_site_name":"osterbysmedja.se","article_modified_time":"2023-05-17T23:21:41+00:00","twitter_card":"summary_large_image","twitter_misc":{"Est. reading time":"2 minutes"},"schema":{"@context":"https:\/\/schema.org","@graph":[{"@type":"WebPage","@id":"https:\/\/www.osterbysmedja.se\/aterbetalning_returer\/","url":"https:\/\/www.osterbysmedja.se\/aterbetalning_returer\/","name":"\u00c5terbetalnings- och returpolicy - osterbysmedja.se","isPartOf":{"@id":"https:\/\/www.osterbysmedja.se\/#website"},"datePublished":"2023-04-24T11:06:52+00:00","dateModified":"2023-05-17T23:21:41+00:00","breadcrumb":{"@id":"https:\/\/www.osterbysmedja.se\/aterbetalning_returer\/#breadcrumb"},"inLanguage":"en-US","potentialAction":[{"@type":"ReadAction","target":["https:\/\/www.osterbysmedja.se\/aterbetalning_returer\/"]}]},{"@type":"BreadcrumbList","@id":"https:\/\/www.osterbysmedja.se\/aterbetalning_returer\/#breadcrumb","itemListElement":[{"@type":"ListItem","position":1,"name":"Hem","item":"https:\/\/www.osterbysmedja.se\/"},{"@type":"ListItem","position":2,"name":"\u00c5terbetalnings- och returpolicy"}]},{"@type":"WebSite","@id":"https:\/\/www.osterbysmedja.se\/#website","url":"https:\/\/www.osterbysmedja.se\/","name":"osterbysmedja.se","description":"HIGHEST QUALITY WORKING HORSE EQUIPMENT","publisher":{"@id":"https:\/\/www.osterbysmedja.se\/#organization"},"potentialAction":[{"@type":"SearchAction","target":{"@type":"EntryPoint","urlTemplate":"https:\/\/www.osterbysmedja.se\/?s={search_term_string}"},"query-input":{"@type":"PropertyValueSpecification","valueRequired":true,"valueName":"search_term_string"}}],"inLanguage":"en-US"},{"@type":"Organization","@id":"https:\/\/www.osterbysmedja.se\/#organization","name":"osterbysmedja.se","url":"https:\/\/www.osterbysmedja.se\/","logo":{"@type":"ImageObject","inLanguage":"en-US","@id":"https:\/\/www.osterbysmedja.se\/#\/schema\/logo\/image\/","url":"https:\/\/www.osterbysmedja.se\/wp-content\/uploads\/2023\/04\/Header-2.png","contentUrl":"https:\/\/www.osterbysmedja.se\/wp-content\/uploads\/2023\/04\/Header-2.png","width":165,"height":34,"caption":"osterbysmedja.se"},"image":{"@id":"https:\/\/www.osterbysmedja.se\/#\/schema\/logo\/image\/"}}]}},"jetpack_sharing_enabled":true,"_links":{"self":[{"href":"https:\/\/www.osterbysmedja.se\/en\/wp-json\/wp\/v2\/pages\/11","targetHints":{"allow":["GET"]}}],"collection":[{"href":"https:\/\/www.osterbysmedja.se\/en\/wp-json\/wp\/v2\/pages"}],"about":[{"href":"https:\/\/www.osterbysmedja.se\/en\/wp-json\/wp\/v2\/types\/page"}],"author":[{"embeddable":true,"href":"https:\/\/www.osterbysmedja.se\/en\/wp-json\/wp\/v2\/users\/1"}],"replies":[{"embeddable":true,"href":"https:\/\/www.osterbysmedja.se\/en\/wp-json\/wp\/v2\/comments?post=11"}],"version-history":[{"count":3,"href":"https:\/\/www.osterbysmedja.se\/en\/wp-json\/wp\/v2\/pages\/11\/revisions"}],"predecessor-version":[{"id":443,"href":"https:\/\/www.osterbysmedja.se\/en\/wp-json\/wp\/v2\/pages\/11\/revisions\/443"}],"wp:attachment":[{"href":"https:\/\/www.osterbysmedja.se\/en\/wp-json\/wp\/v2\/media?parent=11"}],"curies":[{"name":"wp","href":"https:\/\/api.w.org\/{rel}","templated":true}]}}