{"id":301,"date":"2016-08-22T00:37:01","date_gmt":"2016-08-22T00:37:01","guid":{"rendered":"https:\/\/oceanwp.org\/simple\/?page_id=21"},"modified":"2024-01-06T12:17:50","modified_gmt":"2024-01-06T12:17:50","slug":"contact","status":"publish","type":"page","link":"https:\/\/www.osterbysmedja.se\/en\/contact\/","title":{"rendered":"Contact"},"content":{"rendered":"\t\t<div data-elementor-type=\"wp-post\" data-elementor-id=\"301\" class=\"elementor elementor-301\">\n\t\t\t\t\t\t<section class=\"elementor-section elementor-top-section elementor-element elementor-element-buqercf elementor-section-boxed elementor-section-height-default elementor-section-height-default\" data-id=\"buqercf\" data-element_type=\"section\" data-e-type=\"section\">\n\t\t\t\t\t\t<div class=\"elementor-container elementor-column-gap-default\">\n\t\t\t\t\t<div class=\"elementor-column elementor-col-100 elementor-top-column elementor-element elementor-element-givxsvg\" data-id=\"givxsvg\" data-element_type=\"column\" data-e-type=\"column\">\n\t\t\t<div class=\"elementor-widget-wrap elementor-element-populated\">\n\t\t\t\t\t\t<div class=\"elementor-element elementor-element-gul6d1v elementor-widget elementor-widget-heading\" data-id=\"gul6d1v\" data-element_type=\"widget\" data-e-type=\"widget\" data-widget_type=\"heading.default\">\n\t\t\t\t<div class=\"elementor-widget-container\">\n\t\t\t\t\t<h1 class=\"elementor-heading-title elementor-size-default\">Kontakt<\/h1>\t\t\t\t<\/div>\n\t\t\t\t<\/div>\n\t\t\t\t<div class=\"elementor-element elementor-element-txhf7o5 elementor-widget-divider--view-line elementor-widget elementor-widget-divider\" data-id=\"txhf7o5\" data-element_type=\"widget\" data-e-type=\"widget\" data-widget_type=\"divider.default\">\n\t\t\t\t<div class=\"elementor-widget-container\">\n\t\t\t\t\t\t\t<div class=\"elementor-divider\">\n\t\t\t<span class=\"elementor-divider-separator\">\n\t\t\t\t\t\t<\/span>\n\t\t<\/div>\n\t\t\t\t\t\t<\/div>\n\t\t\t\t<\/div>\n\t\t\t\t<section class=\"elementor-section elementor-inner-section elementor-element elementor-element-0p5xxbk elementor-section-boxed elementor-section-height-default elementor-section-height-default\" data-id=\"0p5xxbk\" data-element_type=\"section\" data-e-type=\"section\">\n\t\t\t\t\t\t<div class=\"elementor-container elementor-column-gap-default\">\n\t\t\t\t\t<div class=\"elementor-column elementor-col-33 elementor-inner-column elementor-element elementor-element-bsqsn58\" data-id=\"bsqsn58\" data-element_type=\"column\" data-e-type=\"column\">\n\t\t\t<div class=\"elementor-widget-wrap elementor-element-populated\">\n\t\t\t\t\t\t<div class=\"elementor-element elementor-element-08cb91c elementor-widget elementor-widget-text-editor\" data-id=\"08cb91c\" data-element_type=\"widget\" data-e-type=\"widget\" data-widget_type=\"text-editor.default\">\n\t\t\t\t<div class=\"elementor-widget-container\">\n\t\t\t\t\t\t\t\t\t<p>\u00a0<\/p><p>Kontakta \u00d6sterby smedja om du inte hittar det du s\u00f6ker p\u00e5 hemsidan eller har fr\u00e5gor om produkterna.<\/p><p>Mail besvaras normalt inom 24 timmar.<\/p><p><b>E-post<\/b><\/p><p>info@osterbysmedja.se<\/p><p><b>\u00a0<\/b><b style=\"font-size: 14px;\">Adress\u00a0 \u00a0 \u00a0 \u00a0 \u00a0 \u00a0\u00a0<\/b><\/p><p><span style=\"font-size: 14px;\">Kabelv\u00e4gen 4<\/span><\/p><p><span style=\"font-size: 14px;\">60213\u00a0\u00a0<\/span><\/p><p><span style=\"font-size: 14px;\">NORRK\u00d6PING<\/span><\/p><p>\u00a0<\/p>\t\t\t\t\t\t\t\t<\/div>\n\t\t\t\t<\/div>\n\t\t\t\t\t<\/div>\n\t\t<\/div>\n\t\t\t\t<div class=\"elementor-column elementor-col-33 elementor-inner-column elementor-element elementor-element-q8ay9ha\" data-id=\"q8ay9ha\" data-element_type=\"column\" data-e-type=\"column\">\n\t\t\t<div class=\"elementor-widget-wrap elementor-element-populated\">\n\t\t\t\t\t\t<div class=\"elementor-element elementor-element-9b9caad elementor-widget__width-initial elementor-widget elementor-widget-wpforms\" data-id=\"9b9caad\" data-element_type=\"widget\" data-e-type=\"widget\" data-widget_type=\"wpforms.default\">\n\t\t\t\t<div class=\"elementor-widget-container\">\n\t\t\t\t\t<div class=\"wpforms-container wpforms-container-full wpforms-render-modern\" id=\"wpforms-306\"><form id=\"wpforms-form-306\" class=\"wpforms-validate wpforms-form\" data-formid=\"306\" method=\"post\" enctype=\"multipart\/form-data\" action=\"\/en\/wp-json\/wp\/v2\/pages\/301\" data-token=\"a3523b3f63e6d7e0e7d8f16bc987fbe5\" data-token-time=\"1777379538\"><noscript class=\"wpforms-error-noscript\">Please enable JavaScript in your browser to complete this form.<\/noscript><div id=\"wpforms-error-noscript\" style=\"display: none;\">Please enable JavaScript in your browser to complete this form.<\/div><div class=\"wpforms-field-container\"><div id=\"wpforms-306-field_0-container\" class=\"wpforms-field wpforms-field-name\" data-field-id=\"0\"><label class=\"wpforms-field-label\" for=\"wpforms-306-field_0\">Name <span class=\"wpforms-required-label\" aria-hidden=\"true\">*<\/span><\/label><input type=\"text\" id=\"wpforms-306-field_0\" class=\"wpforms-field-large wpforms-field-required\" name=\"wpforms[fields][0]\" aria-errormessage=\"wpforms-306-field_0-error\" required><\/div><div id=\"wpforms-306-field_1-container\" class=\"wpforms-field wpforms-field-email\" data-field-id=\"1\"><label class=\"wpforms-field-label\" for=\"wpforms-306-field_1\">Email <span class=\"wpforms-required-label\" aria-hidden=\"true\">*<\/span><\/label><input type=\"email\" id=\"wpforms-306-field_1\" class=\"wpforms-field-large wpforms-field-required\" name=\"wpforms[fields][1]\" spellcheck=\"false\" aria-errormessage=\"wpforms-306-field_1-error\" required><\/div><div id=\"wpforms-306-field_2-container\" class=\"wpforms-field wpforms-field-textarea\" data-field-id=\"2\"><label class=\"wpforms-field-label\" for=\"wpforms-306-field_2\">Send a question about this product <span class=\"wpforms-required-label\" aria-hidden=\"true\">*<\/span><\/label><textarea id=\"wpforms-306-field_2\" class=\"wpforms-field-medium wpforms-field-required\" name=\"wpforms[fields][2]\" aria-errormessage=\"wpforms-306-field_2-error\" required><\/textarea><\/div><div id=\"wpforms-306-field_5-container\" class=\"wpforms-field wpforms-field-select wpforms-field-select-style-classic\" data-field-id=\"5\"><label class=\"wpforms-field-label\" for=\"wpforms-306-field_5\">Product<\/label><select id=\"wpforms-306-field_5\" class=\"wpforms-field-medium\" name=\"wpforms[fields][5]\"><option value=\"TW4\"  class=\"choice-2 depth-1\"  >TW4<\/option><option value=\"TW4 LIGHT\"  class=\"choice-3 depth-1\"  >TW4 LIGHT<\/option><option value=\"TW5\"  class=\"choice-4 depth-1\"  >TW5<\/option><option value=\"Lunningsb\u00e5ge\"  class=\"choice-5 depth-1\"  >Lunningsb\u00e5ge<\/option><option value=\"Parv\u00e5g\"  class=\"choice-6 depth-1\"  >Parv\u00e5g<\/option><option value=\"Sl\u00e4psax\"  class=\"choice-7 depth-1\"  >Sl\u00e4psax<\/option><option value=\"Sl\u00e4pskakel\"  class=\"choice-8 depth-1\"  >Sl\u00e4pskakel<\/option><option value=\"K\u00e4lke SL1\"  class=\"choice-9 depth-1\"  >K\u00e4lke SL1<\/option><\/select><\/div><\/div><!-- .wpforms-field-container --><div class=\"wpforms-field wpforms-field-hp\"><label for=\"wpforms-306-field-hp\" class=\"wpforms-field-label\">Comment<\/label><input type=\"text\" name=\"wpforms[hp]\" id=\"wpforms-306-field-hp\" class=\"wpforms-field-medium\"><\/div><div class=\"wpforms-recaptcha-container wpforms-is-recaptcha wpforms-is-recaptcha-type-v2\" ><div class=\"g-recaptcha\" data-sitekey=\"6LdcIDErAAAAAGxbp870sUq-HbOqBS-Ea5KcdPwE\"><\/div><input type=\"text\" name=\"g-recaptcha-hidden\" class=\"wpforms-recaptcha-hidden\" style=\"position:absolute!important;clip:rect(0,0,0,0)!important;height:1px!important;width:1px!important;border:0!important;overflow:hidden!important;padding:0!important;margin:0!important;\" data-rule-recaptcha=\"1\"><\/div><div class=\"wpforms-submit-container\" ><input type=\"hidden\" name=\"wpforms[id]\" value=\"306\"><input type=\"hidden\" name=\"page_title\" value=\"\"><input type=\"hidden\" name=\"page_url\" value=\"https:\/\/www.osterbysmedja.se\/en\/wp-json\/wp\/v2\/pages\/301\"><input type=\"hidden\" name=\"url_referer\" value=\"\"><button type=\"submit\" name=\"wpforms[submit]\" id=\"wpforms-submit-306\" class=\"wpforms-submit\" data-alt-text=\"Sending...\" data-submit-text=\"Send Message\" aria-live=\"assertive\" value=\"wpforms-submit\">Send Message<\/button><\/div><\/form><\/div>  <!-- .wpforms-container -->\t\t\t\t<\/div>\n\t\t\t\t<\/div>\n\t\t\t\t\t<\/div>\n\t\t<\/div>\n\t\t\t\t<div class=\"elementor-column elementor-col-33 elementor-inner-column elementor-element elementor-element-btny7pm\" data-id=\"btny7pm\" data-element_type=\"column\" data-e-type=\"column\">\n\t\t\t<div class=\"elementor-widget-wrap elementor-element-populated\">\n\t\t\t\t\t\t<div class=\"elementor-element elementor-element-7748ad9 elementor-widget elementor-widget-image\" data-id=\"7748ad9\" data-element_type=\"widget\" data-e-type=\"widget\" data-widget_type=\"image.default\">\n\t\t\t\t<div class=\"elementor-widget-container\">\n\t\t\t\t\t\t\t\t\t\t\t\t\t\t\t<img fetchpriority=\"high\" decoding=\"async\" width=\"490\" height=\"1024\" src=\"https:\/\/www.osterbysmedja.se\/wp-content\/uploads\/2024\/01\/411287907_3205712946226848_4133030285046255028_n-490x1024.jpg\" class=\"attachment-large size-large wp-image-466\" alt=\"\" srcset=\"https:\/\/www.osterbysmedja.se\/wp-content\/uploads\/2024\/01\/411287907_3205712946226848_4133030285046255028_n-490x1024.jpg 490w, https:\/\/www.osterbysmedja.se\/wp-content\/uploads\/2024\/01\/411287907_3205712946226848_4133030285046255028_n-144x300.jpg 144w, https:\/\/www.osterbysmedja.se\/wp-content\/uploads\/2024\/01\/411287907_3205712946226848_4133030285046255028_n-768x1605.jpg 768w, https:\/\/www.osterbysmedja.se\/wp-content\/uploads\/2024\/01\/411287907_3205712946226848_4133030285046255028_n-735x1536.jpg 735w, https:\/\/www.osterbysmedja.se\/wp-content\/uploads\/2024\/01\/411287907_3205712946226848_4133030285046255028_n-454x949.jpg 454w, https:\/\/www.osterbysmedja.se\/wp-content\/uploads\/2024\/01\/411287907_3205712946226848_4133030285046255028_n.jpg 908w\" sizes=\"(max-width: 490px) 100vw, 490px\" \/>\t\t\t\t\t\t\t\t\t\t\t\t\t\t\t<\/div>\n\t\t\t\t<\/div>\n\t\t\t\t\t<\/div>\n\t\t<\/div>\n\t\t\t\t\t<\/div>\n\t\t<\/section>\n\t\t\t\t\t<\/div>\n\t\t<\/div>\n\t\t\t\t\t<\/div>\n\t\t<\/section>\n\t\t\t\t<\/div>\n\t\t","protected":false},"excerpt":{"rendered":"<p>Kontakt \u00a0 Kontakta \u00d6sterby smedja om du inte hittar det du s\u00f6ker p\u00e5 hemsidan eller har fr\u00e5gor om produkterna. Mail besvaras normalt inom 24 timmar. E-post info@osterbysmedja.se \u00a0Adress\u00a0 \u00a0 \u00a0 \u00a0 \u00a0 \u00a0\u00a0 Kabelv\u00e4gen 4 60213\u00a0\u00a0 NORRK\u00d6PING \u00a0 Aktivera JavaScript i din webbl\u00e4sare f\u00f6r att slutf\u00f6ra detta formul\u00e4r.Aktivera JavaScript i din webbl\u00e4sare f\u00f6r att slutf\u00f6ra [&hellip;]<\/p>\n","protected":false},"author":1,"featured_media":0,"parent":0,"menu_order":0,"comment_status":"closed","ping_status":"closed","template":"","meta":{"ocean_post_layout":"full-screen","ocean_both_sidebars_style":"","ocean_both_sidebars_content_width":0,"ocean_both_sidebars_sidebars_width":0,"ocean_sidebar":"0","ocean_second_sidebar":"","ocean_disable_margins":"on","ocean_add_body_class":"","ocean_shortcode_before_top_bar":"","ocean_shortcode_after_top_bar":"","ocean_shortcode_before_header":"","ocean_shortcode_after_header":"","ocean_has_shortcode":"","ocean_shortcode_after_title":"","ocean_shortcode_before_footer_widgets":"","ocean_shortcode_after_footer_widgets":"","ocean_shortcode_before_footer_bottom":"","ocean_shortcode_after_footer_bottom":"","ocean_display_top_bar":"default","ocean_display_header":"default","ocean_header_style":"","ocean_center_header_left_menu":"","ocean_custom_header_template":"","ocean_custom_logo":0,"ocean_custom_retina_logo":0,"ocean_custom_logo_max_width":0,"ocean_custom_logo_tablet_max_width":0,"ocean_custom_logo_mobile_max_width":0,"ocean_custom_logo_max_height":0,"ocean_custom_logo_tablet_max_height":0,"ocean_custom_logo_mobile_max_height":0,"ocean_header_custom_menu":"0","ocean_menu_typo_font_family":"","ocean_menu_typo_font_subset":"","ocean_menu_typo_font_size":0,"ocean_menu_typo_font_size_tablet":0,"ocean_menu_typo_font_size_mobile":0,"ocean_menu_typo_font_size_unit":"px","ocean_menu_typo_font_weight":"","ocean_menu_typo_font_weight_tablet":"","ocean_menu_typo_font_weight_mobile":"","ocean_menu_typo_transform":"","ocean_menu_typo_transform_tablet":"","ocean_menu_typo_transform_mobile":"","ocean_menu_typo_line_height":0,"ocean_menu_typo_line_height_tablet":0,"ocean_menu_typo_line_height_mobile":0,"ocean_menu_typo_line_height_unit":"","ocean_menu_typo_spacing":0,"ocean_menu_typo_spacing_tablet":0,"ocean_menu_typo_spacing_mobile":0,"ocean_menu_typo_spacing_unit":"","ocean_menu_link_color":"","ocean_menu_link_color_hover":"","ocean_menu_link_color_active":"","ocean_menu_link_background":"","ocean_menu_link_hover_background":"","ocean_menu_link_active_background":"","ocean_menu_social_links_bg":"","ocean_menu_social_hover_links_bg":"","ocean_menu_social_links_color":"","ocean_menu_social_hover_links_color":"","ocean_disable_title":"default","ocean_disable_heading":"default","ocean_post_title":"","ocean_post_subheading":"","ocean_post_title_style":"","ocean_post_title_background_color":"","ocean_post_title_background":0,"ocean_post_title_bg_image_position":"","ocean_post_title_bg_image_attachment":"","ocean_post_title_bg_image_repeat":"","ocean_post_title_bg_image_size":"","ocean_post_title_height":400,"ocean_post_title_bg_overlay":0.5,"ocean_post_title_bg_overlay_color":"","ocean_disable_breadcrumbs":"default","ocean_breadcrumbs_color":"","ocean_breadcrumbs_separator_color":"","ocean_breadcrumbs_links_color":"","ocean_breadcrumbs_links_hover_color":"","ocean_display_footer_widgets":"default","ocean_display_footer_bottom":"default","ocean_custom_footer_template":"","omw_enable_modal_window":"enable","footnotes":""},"class_list":["post-301","page","type-page","status-publish","hentry","entry","owp-thumbs-layout-horizontal","owp-btn-normal","owp-tabs-layout-horizontal","has-no-thumbnails","has-product-nav"],"yoast_head":"<!-- This site is optimized with the Yoast SEO plugin v27.5 - https:\/\/yoast.com\/product\/yoast-seo-wordpress\/ -->\n<title>Contact - osterbysmedja.se<\/title>\n<meta name=\"robots\" content=\"index, follow, max-snippet:-1, max-image-preview:large, max-video-preview:-1\" \/>\n<link rel=\"canonical\" href=\"https:\/\/www.osterbysmedja.se\/en\/contact\/\" \/>\n<meta property=\"og:locale\" content=\"en_US\" \/>\n<meta property=\"og:type\" content=\"article\" \/>\n<meta property=\"og:title\" content=\"Contact - osterbysmedja.se\" \/>\n<meta property=\"og:description\" content=\"Kontakt \u00a0 Kontakta \u00d6sterby smedja om du inte hittar det du s\u00f6ker p\u00e5 hemsidan eller har fr\u00e5gor om produkterna. Mail besvaras normalt inom 24 timmar. E-post info@osterbysmedja.se \u00a0Adress\u00a0 \u00a0 \u00a0 \u00a0 \u00a0 \u00a0\u00a0 Kabelv\u00e4gen 4 60213\u00a0\u00a0 NORRK\u00d6PING \u00a0 Aktivera JavaScript i din webbl\u00e4sare f\u00f6r att slutf\u00f6ra detta formul\u00e4r.Aktivera JavaScript i din webbl\u00e4sare f\u00f6r att slutf\u00f6ra [&hellip;]\" \/>\n<meta property=\"og:url\" content=\"https:\/\/www.osterbysmedja.se\/en\/contact\/\" \/>\n<meta property=\"og:site_name\" content=\"osterbysmedja.se\" \/>\n<meta property=\"article:modified_time\" content=\"2024-01-06T12:17:50+00:00\" \/>\n<meta property=\"og:image\" content=\"https:\/\/www.osterbysmedja.se\/wp-content\/uploads\/2024\/01\/411287907_3205712946226848_4133030285046255028_n-490x1024.jpg\" \/>\n<meta name=\"twitter:card\" content=\"summary_large_image\" \/>\n<meta name=\"twitter:label1\" content=\"Est. reading time\" \/>\n\t<meta name=\"twitter:data1\" content=\"1 minute\" \/>\n<script type=\"application\/ld+json\" class=\"yoast-schema-graph\">{\"@context\":\"https:\\\/\\\/schema.org\",\"@graph\":[{\"@type\":\"WebPage\",\"@id\":\"https:\\\/\\\/www.osterbysmedja.se\\\/contact\\\/\",\"url\":\"https:\\\/\\\/www.osterbysmedja.se\\\/contact\\\/\",\"name\":\"Contact - osterbysmedja.se\",\"isPartOf\":{\"@id\":\"https:\\\/\\\/www.osterbysmedja.se\\\/#website\"},\"primaryImageOfPage\":{\"@id\":\"https:\\\/\\\/www.osterbysmedja.se\\\/contact\\\/#primaryimage\"},\"image\":{\"@id\":\"https:\\\/\\\/www.osterbysmedja.se\\\/contact\\\/#primaryimage\"},\"thumbnailUrl\":\"https:\\\/\\\/www.osterbysmedja.se\\\/wp-content\\\/uploads\\\/2024\\\/01\\\/411287907_3205712946226848_4133030285046255028_n-490x1024.jpg\",\"datePublished\":\"2016-08-22T00:37:01+00:00\",\"dateModified\":\"2024-01-06T12:17:50+00:00\",\"breadcrumb\":{\"@id\":\"https:\\\/\\\/www.osterbysmedja.se\\\/contact\\\/#breadcrumb\"},\"inLanguage\":\"en-US\",\"potentialAction\":[{\"@type\":\"ReadAction\",\"target\":[\"https:\\\/\\\/www.osterbysmedja.se\\\/contact\\\/\"]}]},{\"@type\":\"ImageObject\",\"inLanguage\":\"en-US\",\"@id\":\"https:\\\/\\\/www.osterbysmedja.se\\\/contact\\\/#primaryimage\",\"url\":\"https:\\\/\\\/www.osterbysmedja.se\\\/wp-content\\\/uploads\\\/2024\\\/01\\\/411287907_3205712946226848_4133030285046255028_n-490x1024.jpg\",\"contentUrl\":\"https:\\\/\\\/www.osterbysmedja.se\\\/wp-content\\\/uploads\\\/2024\\\/01\\\/411287907_3205712946226848_4133030285046255028_n-490x1024.jpg\"},{\"@type\":\"BreadcrumbList\",\"@id\":\"https:\\\/\\\/www.osterbysmedja.se\\\/contact\\\/#breadcrumb\",\"itemListElement\":[{\"@type\":\"ListItem\",\"position\":1,\"name\":\"Hem\",\"item\":\"https:\\\/\\\/www.osterbysmedja.se\\\/\"},{\"@type\":\"ListItem\",\"position\":2,\"name\":\"Contact\"}]},{\"@type\":\"WebSite\",\"@id\":\"https:\\\/\\\/www.osterbysmedja.se\\\/#website\",\"url\":\"https:\\\/\\\/www.osterbysmedja.se\\\/\",\"name\":\"osterbysmedja.se\",\"description\":\"HIGHEST QUALITY WORKING HORSE EQUIPMENT\",\"publisher\":{\"@id\":\"https:\\\/\\\/www.osterbysmedja.se\\\/#organization\"},\"potentialAction\":[{\"@type\":\"SearchAction\",\"target\":{\"@type\":\"EntryPoint\",\"urlTemplate\":\"https:\\\/\\\/www.osterbysmedja.se\\\/?s={search_term_string}\"},\"query-input\":{\"@type\":\"PropertyValueSpecification\",\"valueRequired\":true,\"valueName\":\"search_term_string\"}}],\"inLanguage\":\"en-US\"},{\"@type\":\"Organization\",\"@id\":\"https:\\\/\\\/www.osterbysmedja.se\\\/#organization\",\"name\":\"osterbysmedja.se\",\"url\":\"https:\\\/\\\/www.osterbysmedja.se\\\/\",\"logo\":{\"@type\":\"ImageObject\",\"inLanguage\":\"en-US\",\"@id\":\"https:\\\/\\\/www.osterbysmedja.se\\\/#\\\/schema\\\/logo\\\/image\\\/\",\"url\":\"https:\\\/\\\/www.osterbysmedja.se\\\/wp-content\\\/uploads\\\/2023\\\/04\\\/Header-2.png\",\"contentUrl\":\"https:\\\/\\\/www.osterbysmedja.se\\\/wp-content\\\/uploads\\\/2023\\\/04\\\/Header-2.png\",\"width\":165,\"height\":34,\"caption\":\"osterbysmedja.se\"},\"image\":{\"@id\":\"https:\\\/\\\/www.osterbysmedja.se\\\/#\\\/schema\\\/logo\\\/image\\\/\"}}]}<\/script>\n<!-- \/ Yoast SEO plugin. -->","yoast_head_json":{"title":"Contact - osterbysmedja.se","robots":{"index":"index","follow":"follow","max-snippet":"max-snippet:-1","max-image-preview":"max-image-preview:large","max-video-preview":"max-video-preview:-1"},"canonical":"https:\/\/www.osterbysmedja.se\/en\/contact\/","og_locale":"en_US","og_type":"article","og_title":"Contact - osterbysmedja.se","og_description":"Kontakt \u00a0 Kontakta \u00d6sterby smedja om du inte hittar det du s\u00f6ker p\u00e5 hemsidan eller har fr\u00e5gor om produkterna. Mail besvaras normalt inom 24 timmar. E-post info@osterbysmedja.se \u00a0Adress\u00a0 \u00a0 \u00a0 \u00a0 \u00a0 \u00a0\u00a0 Kabelv\u00e4gen 4 60213\u00a0\u00a0 NORRK\u00d6PING \u00a0 Aktivera JavaScript i din webbl\u00e4sare f\u00f6r att slutf\u00f6ra detta formul\u00e4r.Aktivera JavaScript i din webbl\u00e4sare f\u00f6r att slutf\u00f6ra [&hellip;]","og_url":"https:\/\/www.osterbysmedja.se\/en\/contact\/","og_site_name":"osterbysmedja.se","article_modified_time":"2024-01-06T12:17:50+00:00","og_image":[{"url":"https:\/\/www.osterbysmedja.se\/wp-content\/uploads\/2024\/01\/411287907_3205712946226848_4133030285046255028_n-490x1024.jpg","type":"","width":"","height":""}],"twitter_card":"summary_large_image","twitter_misc":{"Est. reading time":"1 minute"},"schema":{"@context":"https:\/\/schema.org","@graph":[{"@type":"WebPage","@id":"https:\/\/www.osterbysmedja.se\/contact\/","url":"https:\/\/www.osterbysmedja.se\/contact\/","name":"Contact - osterbysmedja.se","isPartOf":{"@id":"https:\/\/www.osterbysmedja.se\/#website"},"primaryImageOfPage":{"@id":"https:\/\/www.osterbysmedja.se\/contact\/#primaryimage"},"image":{"@id":"https:\/\/www.osterbysmedja.se\/contact\/#primaryimage"},"thumbnailUrl":"https:\/\/www.osterbysmedja.se\/wp-content\/uploads\/2024\/01\/411287907_3205712946226848_4133030285046255028_n-490x1024.jpg","datePublished":"2016-08-22T00:37:01+00:00","dateModified":"2024-01-06T12:17:50+00:00","breadcrumb":{"@id":"https:\/\/www.osterbysmedja.se\/contact\/#breadcrumb"},"inLanguage":"en-US","potentialAction":[{"@type":"ReadAction","target":["https:\/\/www.osterbysmedja.se\/contact\/"]}]},{"@type":"ImageObject","inLanguage":"en-US","@id":"https:\/\/www.osterbysmedja.se\/contact\/#primaryimage","url":"https:\/\/www.osterbysmedja.se\/wp-content\/uploads\/2024\/01\/411287907_3205712946226848_4133030285046255028_n-490x1024.jpg","contentUrl":"https:\/\/www.osterbysmedja.se\/wp-content\/uploads\/2024\/01\/411287907_3205712946226848_4133030285046255028_n-490x1024.jpg"},{"@type":"BreadcrumbList","@id":"https:\/\/www.osterbysmedja.se\/contact\/#breadcrumb","itemListElement":[{"@type":"ListItem","position":1,"name":"Hem","item":"https:\/\/www.osterbysmedja.se\/"},{"@type":"ListItem","position":2,"name":"Contact"}]},{"@type":"WebSite","@id":"https:\/\/www.osterbysmedja.se\/#website","url":"https:\/\/www.osterbysmedja.se\/","name":"osterbysmedja.se","description":"HIGHEST QUALITY WORKING HORSE EQUIPMENT","publisher":{"@id":"https:\/\/www.osterbysmedja.se\/#organization"},"potentialAction":[{"@type":"SearchAction","target":{"@type":"EntryPoint","urlTemplate":"https:\/\/www.osterbysmedja.se\/?s={search_term_string}"},"query-input":{"@type":"PropertyValueSpecification","valueRequired":true,"valueName":"search_term_string"}}],"inLanguage":"en-US"},{"@type":"Organization","@id":"https:\/\/www.osterbysmedja.se\/#organization","name":"osterbysmedja.se","url":"https:\/\/www.osterbysmedja.se\/","logo":{"@type":"ImageObject","inLanguage":"en-US","@id":"https:\/\/www.osterbysmedja.se\/#\/schema\/logo\/image\/","url":"https:\/\/www.osterbysmedja.se\/wp-content\/uploads\/2023\/04\/Header-2.png","contentUrl":"https:\/\/www.osterbysmedja.se\/wp-content\/uploads\/2023\/04\/Header-2.png","width":165,"height":34,"caption":"osterbysmedja.se"},"image":{"@id":"https:\/\/www.osterbysmedja.se\/#\/schema\/logo\/image\/"}}]}},"jetpack_sharing_enabled":true,"_links":{"self":[{"href":"https:\/\/www.osterbysmedja.se\/en\/wp-json\/wp\/v2\/pages\/301","targetHints":{"allow":["GET"]}}],"collection":[{"href":"https:\/\/www.osterbysmedja.se\/en\/wp-json\/wp\/v2\/pages"}],"about":[{"href":"https:\/\/www.osterbysmedja.se\/en\/wp-json\/wp\/v2\/types\/page"}],"author":[{"embeddable":true,"href":"https:\/\/www.osterbysmedja.se\/en\/wp-json\/wp\/v2\/users\/1"}],"replies":[{"embeddable":true,"href":"https:\/\/www.osterbysmedja.se\/en\/wp-json\/wp\/v2\/comments?post=301"}],"version-history":[{"count":27,"href":"https:\/\/www.osterbysmedja.se\/en\/wp-json\/wp\/v2\/pages\/301\/revisions"}],"predecessor-version":[{"id":488,"href":"https:\/\/www.osterbysmedja.se\/en\/wp-json\/wp\/v2\/pages\/301\/revisions\/488"}],"wp:attachment":[{"href":"https:\/\/www.osterbysmedja.se\/en\/wp-json\/wp\/v2\/media?parent=301"}],"curies":[{"name":"wp","href":"https:\/\/api.w.org\/{rel}","templated":true}]}}