{"id":320,"date":"2023-04-25T09:49:09","date_gmt":"2023-04-25T09:49:09","guid":{"rendered":"https:\/\/www.osterbysmedja.se\/?post_type=product&#038;p=320"},"modified":"2025-05-07T07:04:35","modified_gmt":"2025-05-07T07:04:35","slug":"kalke-sl1","status":"publish","type":"product","link":"https:\/\/www.osterbysmedja.se\/en\/product\/kalke-sl1\/","title":{"rendered":"K\u00e4lke SL1"},"content":{"rendered":"<p>K\u00e4lke f\u00f6r vinter och sommarbruk i modern tappning! Ledad banke samt rekade medar med vinterl\u00e5sning.<\/p>\n<p>Levereras med sl\u00e4pskakel i standard bredd.<\/p>\n<p>&nbsp;<\/p>\n<p>PRIS P\u00c5 F\u00d6RFR\u00c5GAN<\/p>\n<p>forsaljning@osterbysmedja.se<\/p>","protected":false},"excerpt":{"rendered":"<style id=\"wpforms-css-vars-306\">\n\t\t\t\t#wpforms-306 {<\/p>\n<p>\t\t\t}\n\t\t\t<\/style>\n<div class=\"wpforms-container wpforms-container-full wpforms-render-modern\" id=\"wpforms-306\">\n<form id=\"wpforms-form-306\" class=\"wpforms-validate wpforms-form\" data-formid=\"306\" method=\"post\" enctype=\"multipart\/form-data\" action=\"\/en\/wp-json\/wp\/v2\/product\/320\" data-token=\"a3523b3f63e6d7e0e7d8f16bc987fbe5\" data-token-time=\"1777379611\"><noscript class=\"wpforms-error-noscript\">Please enable JavaScript in your browser to complete this form.<\/noscript><\/p>\n<div id=\"wpforms-error-noscript\" style=\"display: none;\">Please enable JavaScript in your browser to complete this form.<\/div>\n<div class=\"wpforms-field-container\">\n<div id=\"wpforms-306-field_0-container\" class=\"wpforms-field wpforms-field-name\" data-field-id=\"0\"><label class=\"wpforms-field-label\" for=\"wpforms-306-field_0\">Name <span class=\"wpforms-required-label\" aria-hidden=\"true\">*<\/span><\/label><input type=\"text\" id=\"wpforms-306-field_0\" class=\"wpforms-field-large wpforms-field-required\" name=\"wpforms[fields][0]\" aria-errormessage=\"wpforms-306-field_0-error\" required><\/div>\n<div id=\"wpforms-306-field_1-container\" class=\"wpforms-field wpforms-field-email\" data-field-id=\"1\"><label class=\"wpforms-field-label\" for=\"wpforms-306-field_1\">Email <span class=\"wpforms-required-label\" aria-hidden=\"true\">*<\/span><\/label><input type=\"email\" id=\"wpforms-306-field_1\" class=\"wpforms-field-large wpforms-field-required\" name=\"wpforms[fields][1]\" spellcheck=\"false\" aria-errormessage=\"wpforms-306-field_1-error\" required><\/div>\n<div id=\"wpforms-306-field_2-container\" class=\"wpforms-field wpforms-field-textarea\" data-field-id=\"2\"><label class=\"wpforms-field-label\" for=\"wpforms-306-field_2\">Send a question about this product <span class=\"wpforms-required-label\" aria-hidden=\"true\">*<\/span><\/label><textarea id=\"wpforms-306-field_2\" class=\"wpforms-field-medium wpforms-field-required\" name=\"wpforms[fields][2]\" aria-errormessage=\"wpforms-306-field_2-error\" required><\/textarea><\/div>\n<div id=\"wpforms-306-field_5-container\" class=\"wpforms-field wpforms-field-select wpforms-field-select-style-classic\" data-field-id=\"5\"><label class=\"wpforms-field-label\" for=\"wpforms-306-field_5\">Product<\/label><select id=\"wpforms-306-field_5\" class=\"wpforms-field-medium\" name=\"wpforms[fields][5]\"><option value=\"TW4\"  class=\"choice-2 depth-1\"  >TW4<\/option><option value=\"TW4 LIGHT\"  class=\"choice-3 depth-1\"  >TW4 LIGHT<\/option><option value=\"TW5\"  class=\"choice-4 depth-1\"  >TW5<\/option><option value=\"Lunningsb\u00e5ge\"  class=\"choice-5 depth-1\"  >Lunningsb\u00e5ge<\/option><option value=\"Parv\u00e5g\"  class=\"choice-6 depth-1\"  >Parv\u00e5g<\/option><option value=\"Sl\u00e4psax\"  class=\"choice-7 depth-1\"  >Sl\u00e4psax<\/option><option value=\"Sl\u00e4pskakel\"  class=\"choice-8 depth-1\"  >Sl\u00e4pskakel<\/option><option value=\"K\u00e4lke SL1\"  class=\"choice-9 depth-1\"  >K\u00e4lke SL1<\/option><\/select><\/div>\n<\/div>\n<p><!-- .wpforms-field-container --><\/p>\n<div class=\"wpforms-field wpforms-field-hp\"><label for=\"wpforms-306-field-hp\" class=\"wpforms-field-label\">Message<\/label><input type=\"text\" name=\"wpforms[hp]\" id=\"wpforms-306-field-hp\" class=\"wpforms-field-medium\"><\/div>\n<div class=\"wpforms-recaptcha-container wpforms-is-recaptcha wpforms-is-recaptcha-type-v2\" >\n<div class=\"g-recaptcha\" data-sitekey=\"6LdcIDErAAAAAGxbp870sUq-HbOqBS-Ea5KcdPwE\"><\/div>\n<p><input type=\"text\" name=\"g-recaptcha-hidden\" class=\"wpforms-recaptcha-hidden\" style=\"position:absolute!important;clip:rect(0,0,0,0)!important;height:1px!important;width:1px!important;border:0!important;overflow:hidden!important;padding:0!important;margin:0!important;\" data-rule-recaptcha=\"1\"><\/div>\n<div class=\"wpforms-submit-container\" ><input type=\"hidden\" name=\"wpforms[id]\" value=\"306\"><input type=\"hidden\" name=\"page_title\" value=\"\"><input type=\"hidden\" name=\"page_url\" value=\"https:\/\/www.osterbysmedja.se\/en\/wp-json\/wp\/v2\/product\/320\"><input type=\"hidden\" name=\"url_referer\" value=\"\"><button type=\"submit\" name=\"wpforms[submit]\" id=\"wpforms-submit-306\" class=\"wpforms-submit\" data-alt-text=\"Sending...\" data-submit-text=\"Send Message\" aria-live=\"assertive\" value=\"wpforms-submit\">Send Message<\/button><\/div>\n<\/form>\n<\/div>\n<p>  <!-- .wpforms-container --><\/p>\n","protected":false},"featured_media":321,"comment_status":"open","ping_status":"closed","template":"","meta":{"ocean_post_layout":"","ocean_both_sidebars_style":"","ocean_both_sidebars_content_width":0,"ocean_both_sidebars_sidebars_width":0,"ocean_sidebar":"0","ocean_second_sidebar":"0","ocean_disable_margins":"enable","ocean_add_body_class":"","ocean_shortcode_before_top_bar":"","ocean_shortcode_after_top_bar":"","ocean_shortcode_before_header":"","ocean_shortcode_after_header":"","ocean_has_shortcode":"","ocean_shortcode_after_title":"","ocean_shortcode_before_footer_widgets":"","ocean_shortcode_after_footer_widgets":"","ocean_shortcode_before_footer_bottom":"","ocean_shortcode_after_footer_bottom":"","ocean_display_top_bar":"default","ocean_display_header":"default","ocean_header_style":"","ocean_center_header_left_menu":"0","ocean_custom_header_template":"0","ocean_custom_logo":0,"ocean_custom_retina_logo":0,"ocean_custom_logo_max_width":0,"ocean_custom_logo_tablet_max_width":0,"ocean_custom_logo_mobile_max_width":0,"ocean_custom_logo_max_height":0,"ocean_custom_logo_tablet_max_height":0,"ocean_custom_logo_mobile_max_height":0,"ocean_header_custom_menu":"0","ocean_menu_typo_font_family":"0","ocean_menu_typo_font_subset":"","ocean_menu_typo_font_size":0,"ocean_menu_typo_font_size_tablet":0,"ocean_menu_typo_font_size_mobile":0,"ocean_menu_typo_font_size_unit":"px","ocean_menu_typo_font_weight":"","ocean_menu_typo_font_weight_tablet":"","ocean_menu_typo_font_weight_mobile":"","ocean_menu_typo_transform":"","ocean_menu_typo_transform_tablet":"","ocean_menu_typo_transform_mobile":"","ocean_menu_typo_line_height":0,"ocean_menu_typo_line_height_tablet":0,"ocean_menu_typo_line_height_mobile":0,"ocean_menu_typo_line_height_unit":"","ocean_menu_typo_spacing":0,"ocean_menu_typo_spacing_tablet":0,"ocean_menu_typo_spacing_mobile":0,"ocean_menu_typo_spacing_unit":"","ocean_menu_link_color":"","ocean_menu_link_color_hover":"","ocean_menu_link_color_active":"","ocean_menu_link_background":"","ocean_menu_link_hover_background":"","ocean_menu_link_active_background":"","ocean_menu_social_links_bg":"","ocean_menu_social_hover_links_bg":"","ocean_menu_social_links_color":"","ocean_menu_social_hover_links_color":"","ocean_disable_title":"default","ocean_disable_heading":"default","ocean_post_title":"","ocean_post_subheading":"","ocean_post_title_style":"","ocean_post_title_background_color":"","ocean_post_title_background":0,"ocean_post_title_bg_image_position":"","ocean_post_title_bg_image_attachment":"","ocean_post_title_bg_image_repeat":"","ocean_post_title_bg_image_size":"","ocean_post_title_height":0,"ocean_post_title_bg_overlay":0.5,"ocean_post_title_bg_overlay_color":"","ocean_disable_breadcrumbs":"default","ocean_breadcrumbs_color":"","ocean_breadcrumbs_separator_color":"","ocean_breadcrumbs_links_color":"","ocean_breadcrumbs_links_hover_color":"","ocean_display_footer_widgets":"default","ocean_display_footer_bottom":"default","ocean_custom_footer_template":"0","omw_enable_modal_window":"enable"},"product_brand":[],"product_cat":[30],"product_tag":[31],"class_list":{"0":"post-320","1":"product","2":"type-product","3":"status-publish","4":"has-post-thumbnail","6":"product_cat-bruksvagnar-redskap","7":"product_tag-bruksvagnar-och-redskap","9":"entry","10":"has-media","12":"first","13":"instock","14":"shipping-taxable","15":"product-type-external","16":"has-product-nav","17":"col","18":"span_1_of_3","19":"owp-content-center","20":"owp-thumbs-layout-horizontal","21":"owp-btn-normal","22":"owp-tabs-layout-horizontal"},"yoast_head":"<!-- This site is optimized with the Yoast SEO plugin v27.5 - https:\/\/yoast.com\/product\/yoast-seo-wordpress\/ -->\n<title>K\u00e4lke SL1 - osterbysmedja.se<\/title>\n<meta name=\"robots\" content=\"index, follow, max-snippet:-1, max-image-preview:large, max-video-preview:-1\" \/>\n<link rel=\"canonical\" href=\"https:\/\/www.osterbysmedja.se\/en\/product\/kalke-sl1\/\" \/>\n<meta property=\"og:locale\" content=\"en_US\" \/>\n<meta property=\"og:type\" content=\"article\" \/>\n<meta property=\"og:title\" content=\"K\u00e4lke SL1 - osterbysmedja.se\" \/>\n<meta property=\"og:url\" content=\"https:\/\/www.osterbysmedja.se\/en\/product\/kalke-sl1\/\" \/>\n<meta property=\"og:site_name\" content=\"osterbysmedja.se\" \/>\n<meta property=\"article:modified_time\" content=\"2025-05-07T07:04:35+00:00\" \/>\n<meta property=\"og:image\" content=\"https:\/\/www.osterbysmedja.se\/wp-content\/uploads\/2023\/04\/340100294_216825891053523_7010141600098153933_n.jpg\" \/>\n\t<meta property=\"og:image:width\" content=\"996\" \/>\n\t<meta property=\"og:image:height\" content=\"760\" \/>\n\t<meta property=\"og:image:type\" content=\"image\/jpeg\" \/>\n<meta name=\"twitter:card\" content=\"summary_large_image\" \/>\n<meta name=\"twitter:description\" content=\"[wpforms id=&quot;306&quot;]\" \/>\n<meta name=\"twitter:label1\" content=\"Est. reading time\" \/>\n\t<meta name=\"twitter:data1\" content=\"1 minute\" \/>\n<script type=\"application\/ld+json\" class=\"yoast-schema-graph\">{\"@context\":\"https:\\\/\\\/schema.org\",\"@graph\":[{\"@type\":\"WebPage\",\"@id\":\"https:\\\/\\\/www.osterbysmedja.se\\\/produkt\\\/kalke-sl1\\\/\",\"url\":\"https:\\\/\\\/www.osterbysmedja.se\\\/produkt\\\/kalke-sl1\\\/\",\"name\":\"K\u00e4lke SL1 - osterbysmedja.se\",\"isPartOf\":{\"@id\":\"https:\\\/\\\/www.osterbysmedja.se\\\/#website\"},\"primaryImageOfPage\":{\"@id\":\"https:\\\/\\\/www.osterbysmedja.se\\\/produkt\\\/kalke-sl1\\\/#primaryimage\"},\"image\":{\"@id\":\"https:\\\/\\\/www.osterbysmedja.se\\\/produkt\\\/kalke-sl1\\\/#primaryimage\"},\"thumbnailUrl\":\"https:\\\/\\\/www.osterbysmedja.se\\\/wp-content\\\/uploads\\\/2023\\\/04\\\/340100294_216825891053523_7010141600098153933_n.jpg\",\"datePublished\":\"2023-04-25T09:49:09+00:00\",\"dateModified\":\"2025-05-07T07:04:35+00:00\",\"breadcrumb\":{\"@id\":\"https:\\\/\\\/www.osterbysmedja.se\\\/produkt\\\/kalke-sl1\\\/#breadcrumb\"},\"inLanguage\":\"en-US\",\"potentialAction\":[{\"@type\":\"ReadAction\",\"target\":[\"https:\\\/\\\/www.osterbysmedja.se\\\/produkt\\\/kalke-sl1\\\/\"]}]},{\"@type\":\"ImageObject\",\"inLanguage\":\"en-US\",\"@id\":\"https:\\\/\\\/www.osterbysmedja.se\\\/produkt\\\/kalke-sl1\\\/#primaryimage\",\"url\":\"https:\\\/\\\/www.osterbysmedja.se\\\/wp-content\\\/uploads\\\/2023\\\/04\\\/340100294_216825891053523_7010141600098153933_n.jpg\",\"contentUrl\":\"https:\\\/\\\/www.osterbysmedja.se\\\/wp-content\\\/uploads\\\/2023\\\/04\\\/340100294_216825891053523_7010141600098153933_n.jpg\",\"width\":996,\"height\":760},{\"@type\":\"BreadcrumbList\",\"@id\":\"https:\\\/\\\/www.osterbysmedja.se\\\/produkt\\\/kalke-sl1\\\/#breadcrumb\",\"itemListElement\":[{\"@type\":\"ListItem\",\"position\":1,\"name\":\"Hem\",\"item\":\"https:\\\/\\\/www.osterbysmedja.se\\\/\"},{\"@type\":\"ListItem\",\"position\":2,\"name\":\"Shop\",\"item\":\"https:\\\/\\\/www.osterbysmedja.se\\\/shop\\\/\"},{\"@type\":\"ListItem\",\"position\":3,\"name\":\"K\u00e4lke SL1\"}]},{\"@type\":\"WebSite\",\"@id\":\"https:\\\/\\\/www.osterbysmedja.se\\\/#website\",\"url\":\"https:\\\/\\\/www.osterbysmedja.se\\\/\",\"name\":\"osterbysmedja.se\",\"description\":\"HIGHEST QUALITY WORKING HORSE EQUIPMENT\",\"publisher\":{\"@id\":\"https:\\\/\\\/www.osterbysmedja.se\\\/#organization\"},\"potentialAction\":[{\"@type\":\"SearchAction\",\"target\":{\"@type\":\"EntryPoint\",\"urlTemplate\":\"https:\\\/\\\/www.osterbysmedja.se\\\/?s={search_term_string}\"},\"query-input\":{\"@type\":\"PropertyValueSpecification\",\"valueRequired\":true,\"valueName\":\"search_term_string\"}}],\"inLanguage\":\"en-US\"},{\"@type\":\"Organization\",\"@id\":\"https:\\\/\\\/www.osterbysmedja.se\\\/#organization\",\"name\":\"osterbysmedja.se\",\"url\":\"https:\\\/\\\/www.osterbysmedja.se\\\/\",\"logo\":{\"@type\":\"ImageObject\",\"inLanguage\":\"en-US\",\"@id\":\"https:\\\/\\\/www.osterbysmedja.se\\\/#\\\/schema\\\/logo\\\/image\\\/\",\"url\":\"https:\\\/\\\/www.osterbysmedja.se\\\/wp-content\\\/uploads\\\/2023\\\/04\\\/Header-2.png\",\"contentUrl\":\"https:\\\/\\\/www.osterbysmedja.se\\\/wp-content\\\/uploads\\\/2023\\\/04\\\/Header-2.png\",\"width\":165,\"height\":34,\"caption\":\"osterbysmedja.se\"},\"image\":{\"@id\":\"https:\\\/\\\/www.osterbysmedja.se\\\/#\\\/schema\\\/logo\\\/image\\\/\"}}]}<\/script>\n<!-- \/ Yoast SEO plugin. -->","yoast_head_json":{"title":"K\u00e4lke SL1 - osterbysmedja.se","robots":{"index":"index","follow":"follow","max-snippet":"max-snippet:-1","max-image-preview":"max-image-preview:large","max-video-preview":"max-video-preview:-1"},"canonical":"https:\/\/www.osterbysmedja.se\/en\/product\/kalke-sl1\/","og_locale":"en_US","og_type":"article","og_title":"K\u00e4lke SL1 - osterbysmedja.se","og_url":"https:\/\/www.osterbysmedja.se\/en\/product\/kalke-sl1\/","og_site_name":"osterbysmedja.se","article_modified_time":"2025-05-07T07:04:35+00:00","og_image":[{"width":996,"height":760,"url":"https:\/\/www.osterbysmedja.se\/wp-content\/uploads\/2023\/04\/340100294_216825891053523_7010141600098153933_n.jpg","type":"image\/jpeg"}],"twitter_card":"summary_large_image","twitter_description":"[wpforms id=\"306\"]","twitter_misc":{"Est. reading time":"1 minute"},"schema":{"@context":"https:\/\/schema.org","@graph":[{"@type":"WebPage","@id":"https:\/\/www.osterbysmedja.se\/produkt\/kalke-sl1\/","url":"https:\/\/www.osterbysmedja.se\/produkt\/kalke-sl1\/","name":"K\u00e4lke SL1 - osterbysmedja.se","isPartOf":{"@id":"https:\/\/www.osterbysmedja.se\/#website"},"primaryImageOfPage":{"@id":"https:\/\/www.osterbysmedja.se\/produkt\/kalke-sl1\/#primaryimage"},"image":{"@id":"https:\/\/www.osterbysmedja.se\/produkt\/kalke-sl1\/#primaryimage"},"thumbnailUrl":"https:\/\/www.osterbysmedja.se\/wp-content\/uploads\/2023\/04\/340100294_216825891053523_7010141600098153933_n.jpg","datePublished":"2023-04-25T09:49:09+00:00","dateModified":"2025-05-07T07:04:35+00:00","breadcrumb":{"@id":"https:\/\/www.osterbysmedja.se\/produkt\/kalke-sl1\/#breadcrumb"},"inLanguage":"en-US","potentialAction":[{"@type":"ReadAction","target":["https:\/\/www.osterbysmedja.se\/produkt\/kalke-sl1\/"]}]},{"@type":"ImageObject","inLanguage":"en-US","@id":"https:\/\/www.osterbysmedja.se\/produkt\/kalke-sl1\/#primaryimage","url":"https:\/\/www.osterbysmedja.se\/wp-content\/uploads\/2023\/04\/340100294_216825891053523_7010141600098153933_n.jpg","contentUrl":"https:\/\/www.osterbysmedja.se\/wp-content\/uploads\/2023\/04\/340100294_216825891053523_7010141600098153933_n.jpg","width":996,"height":760},{"@type":"BreadcrumbList","@id":"https:\/\/www.osterbysmedja.se\/produkt\/kalke-sl1\/#breadcrumb","itemListElement":[{"@type":"ListItem","position":1,"name":"Hem","item":"https:\/\/www.osterbysmedja.se\/"},{"@type":"ListItem","position":2,"name":"Shop","item":"https:\/\/www.osterbysmedja.se\/shop\/"},{"@type":"ListItem","position":3,"name":"K\u00e4lke SL1"}]},{"@type":"WebSite","@id":"https:\/\/www.osterbysmedja.se\/#website","url":"https:\/\/www.osterbysmedja.se\/","name":"osterbysmedja.se","description":"HIGHEST QUALITY WORKING HORSE EQUIPMENT","publisher":{"@id":"https:\/\/www.osterbysmedja.se\/#organization"},"potentialAction":[{"@type":"SearchAction","target":{"@type":"EntryPoint","urlTemplate":"https:\/\/www.osterbysmedja.se\/?s={search_term_string}"},"query-input":{"@type":"PropertyValueSpecification","valueRequired":true,"valueName":"search_term_string"}}],"inLanguage":"en-US"},{"@type":"Organization","@id":"https:\/\/www.osterbysmedja.se\/#organization","name":"osterbysmedja.se","url":"https:\/\/www.osterbysmedja.se\/","logo":{"@type":"ImageObject","inLanguage":"en-US","@id":"https:\/\/www.osterbysmedja.se\/#\/schema\/logo\/image\/","url":"https:\/\/www.osterbysmedja.se\/wp-content\/uploads\/2023\/04\/Header-2.png","contentUrl":"https:\/\/www.osterbysmedja.se\/wp-content\/uploads\/2023\/04\/Header-2.png","width":165,"height":34,"caption":"osterbysmedja.se"},"image":{"@id":"https:\/\/www.osterbysmedja.se\/#\/schema\/logo\/image\/"}}]}},"jetpack_sharing_enabled":true,"_links":{"self":[{"href":"https:\/\/www.osterbysmedja.se\/en\/wp-json\/wp\/v2\/product\/320","targetHints":{"allow":["GET"]}}],"collection":[{"href":"https:\/\/www.osterbysmedja.se\/en\/wp-json\/wp\/v2\/product"}],"about":[{"href":"https:\/\/www.osterbysmedja.se\/en\/wp-json\/wp\/v2\/types\/product"}],"replies":[{"embeddable":true,"href":"https:\/\/www.osterbysmedja.se\/en\/wp-json\/wp\/v2\/comments?post=320"}],"wp:featuredmedia":[{"embeddable":true,"href":"https:\/\/www.osterbysmedja.se\/en\/wp-json\/wp\/v2\/media\/321"}],"wp:attachment":[{"href":"https:\/\/www.osterbysmedja.se\/en\/wp-json\/wp\/v2\/media?parent=320"}],"wp:term":[{"taxonomy":"product_brand","embeddable":true,"href":"https:\/\/www.osterbysmedja.se\/en\/wp-json\/wp\/v2\/product_brand?post=320"},{"taxonomy":"product_cat","embeddable":true,"href":"https:\/\/www.osterbysmedja.se\/en\/wp-json\/wp\/v2\/product_cat?post=320"},{"taxonomy":"product_tag","embeddable":true,"href":"https:\/\/www.osterbysmedja.se\/en\/wp-json\/wp\/v2\/product_tag?post=320"}],"curies":[{"name":"wp","href":"https:\/\/api.w.org\/{rel}","templated":true}]}}